{"id":278,"date":"2023-04-18T11:01:43","date_gmt":"2023-04-18T09:01:43","guid":{"rendered":"https:\/\/sgpdc.de\/?page_id=278"},"modified":"2023-04-18T19:36:27","modified_gmt":"2023-04-18T17:36:27","slug":"impressum","status":"publish","type":"page","link":"https:\/\/sgpdc.de\/?page_id=278","title":{"rendered":"Impressum"},"content":{"rendered":"[et_pb_section fb_built=&#8220;1&#8243; admin_label=&#8220;section&#8220; _builder_version=&#8220;4.16&#8243; global_colors_info=&#8220;{}&#8220;][et_pb_row admin_label=&#8220;row&#8220; _builder_version=&#8220;4.16&#8243; background_size=&#8220;initial&#8220; background_position=&#8220;top_left&#8220; background_repeat=&#8220;repeat&#8220; global_colors_info=&#8220;{}&#8220;][et_pb_column type=&#8220;4_4&#8243; _builder_version=&#8220;4.16&#8243; custom_padding=&#8220;|||&#8220; global_colors_info=&#8220;{}&#8220; custom_padding__hover=&#8220;|||&#8220;][et_pb_text admin_label=&#8220;Text&#8220; _builder_version=&#8220;4.20.4&#8243; background_size=&#8220;initial&#8220; background_position=&#8220;top_left&#8220; background_repeat=&#8220;repeat&#8220; hover_enabled=&#8220;0&#8243; global_colors_info=&#8220;{}&#8220; sticky_enabled=&#8220;0&#8243;]<p><\/p>\n<h2 class=\"wp-block-heading\">B\u00fcro Hamburg<\/h2>\n<p>&nbsp;<\/p>\n<p>SG Project Development &amp; Consulting UG (haftungsbeschra\u0308nkt)<br \/>Hans-Henny-Jahnn-Weg 53<\/p>\n<div>\n<p>22085 Hamburg<\/p>\n<p>TEL +49 40 21107628<br \/>FAX +49 40 22614084<br \/>MAIL\u00a0<a href=\"mailto:info@sgpdc.de\">info@sgpdc.de<\/a><\/p>\n<p>&nbsp;<\/p>\n<p>&nbsp;<\/p>\n<\/div>\n<div><\/div>\n<div><\/div>\n<div><\/div>\n<div><\/div>\n<h2>Impressum<\/h2>\n<p>&nbsp;<\/p>\n<p>SG Project Development &amp; Consulting UG (haftungsbeschra\u0308nkt)<br \/>M\u00fchlenstra\u00dfe 6<\/p>\n<div>\n<p>21388 Soderstorf<\/p>\n<p>MAIL\u00a0<a href=\"mailto:info@sgpdc.de\">info@sgpdc.de<\/a><\/p>\n<p>Gesch\u00e4ftsf\u00fchrer: Stefan Gugel<br \/>Amtsgericht L\u00fcneburg \u2013 HRB 210950<\/p>\n<\/div>\n<div><\/div>\n<div><\/div>\n<div>\n<p>Redaktionelle Verantwortlichkeit nach \u00a7 18 Abs. 2 MStV:<\/p>\n<p>Stefan Gugel<br \/><span style=\"font-size: 14px;\">c\/o SG Project Development &amp; Consulting UG (haftungsbeschra\u0308nkt)<\/span><\/p>\n<div>\n<p>21388 Soderstorf, M\u00fchlenstra\u00dfe 6<br \/><br \/><\/p>\n<\/div>\n<div><\/div>\n<\/div>\n<div>\n<p>Verbraucherinformationen zur alternativen Streitschlichtung (Art 14 (1) ODR-VO und \u00a7 36 VSBG)<br \/><br \/><\/p>\n<\/div>\n<div>Die Internetplattform der Europ\u00e4ischen Union zur Online-Streitbeilegung (sog. \u201eOS-Plattform\u201c) f\u00fcr Verbraucher ist unter dem folgendem Link erreichbar:<br \/><a href=\"http:\/\/ec.europa.eu\/consumers\/odr\">http:\/\/ec.europa.eu\/consumers\/odr<\/a><br \/>Wir nehmen nicht an Streitbeilegungsverfahren vor einer Verbraucherschlichtungsstelle teil.<\/div>\n<p><\/p>[\/et_pb_text][\/et_pb_column][\/et_pb_row][\/et_pb_section]","protected":false},"excerpt":{"rendered":"<p>B\u00fcro Hamburg &nbsp; SG Project Development &amp; Consulting UG (haftungsbeschra\u0308nkt)Hans-Henny-Jahnn-Weg 53 22085 Hamburg TEL +49 40 21107628FAX +49 40 22614084MAIL\u00a0info@sgpdc.de &nbsp; &nbsp; Impressum &nbsp; SG Project Development &amp; Consulting UG (haftungsbeschra\u0308nkt)M\u00fchlenstra\u00dfe 6 21388 Soderstorf MAIL\u00a0info@sgpdc.de Gesch\u00e4ftsf\u00fchrer: Stefan GugelAmtsgericht L\u00fcneburg \u2013 HRB 210950 Redaktionelle Verantwortlichkeit nach \u00a7 18 Abs. 2 MStV: Stefan Gugelc\/o SG Project Development [&hellip;]<\/p>\n","protected":false},"author":1,"featured_media":0,"parent":0,"menu_order":0,"comment_status":"closed","ping_status":"closed","template":"","meta":{"_et_pb_use_builder":"on","_et_pb_old_content":"","_et_gb_content_width":"","footnotes":""},"class_list":["post-278","page","type-page","status-publish","hentry"],"_links":{"self":[{"href":"https:\/\/sgpdc.de\/index.php?rest_route=\/wp\/v2\/pages\/278","targetHints":{"allow":["GET"]}}],"collection":[{"href":"https:\/\/sgpdc.de\/index.php?rest_route=\/wp\/v2\/pages"}],"about":[{"href":"https:\/\/sgpdc.de\/index.php?rest_route=\/wp\/v2\/types\/page"}],"author":[{"embeddable":true,"href":"https:\/\/sgpdc.de\/index.php?rest_route=\/wp\/v2\/users\/1"}],"replies":[{"embeddable":true,"href":"https:\/\/sgpdc.de\/index.php?rest_route=%2Fwp%2Fv2%2Fcomments&post=278"}],"version-history":[{"count":11,"href":"https:\/\/sgpdc.de\/index.php?rest_route=\/wp\/v2\/pages\/278\/revisions"}],"predecessor-version":[{"id":303,"href":"https:\/\/sgpdc.de\/index.php?rest_route=\/wp\/v2\/pages\/278\/revisions\/303"}],"wp:attachment":[{"href":"https:\/\/sgpdc.de\/index.php?rest_route=%2Fwp%2Fv2%2Fmedia&parent=278"}],"curies":[{"name":"wp","href":"https:\/\/api.w.org\/{rel}","templated":true}]}}